{"id":1282,"date":"2024-07-22T12:12:03","date_gmt":"2024-07-22T12:12:03","guid":{"rendered":"https:\/\/lifesciencecares.ch\/?page_id=1282"},"modified":"2025-12-17T14:08:08","modified_gmt":"2025-12-17T13:08:08","slug":"update-was-wir-tun","status":"publish","type":"page","link":"https:\/\/alt.lifesciencecares.ch\/de\/update-was-wir-tun\/","title":{"rendered":"Was wir tun"},"content":{"rendered":"\n\n<section  class=\"hero \">\n  <div class=\"img-holder\" data-aos=\"fade-left\" data-aos-duration=\"1000\">\n    <img loading=\"lazy\" decoding=\"async\" width=\"480\" height=\"683\" src=\"https:\/\/alt.lifesciencecares.ch\/wp-content\/uploads\/2024\/03\/kids-learning-3d-printing-in-the-lab-2023-05-12-02-31-31-utc1-480x683.jpg\" class=\"hero-img hero-img-mob\" alt=\"\" \/>    <img loading=\"lazy\" decoding=\"async\" width=\"1273\" height=\"1000\" src=\"https:\/\/alt.lifesciencecares.ch\/wp-content\/uploads\/2024\/03\/kids-learning-3d-printing-in-the-lab-2023-05-12-02-31-31-utc1-1273x1000.jpg\" class=\"hero-img hero-img-lg\" alt=\"\" \/>  <\/div>\n  <div class=\"container\">\n    <div class=\"content\">\n      <img loading=\"lazy\" decoding=\"async\" width=\"202\" height=\"187\" src=\"https:\/\/alt.lifesciencecares.ch\/wp-content\/uploads\/2023\/12\/LOGO.svg\" class=\"hero-logo\" alt=\"\" \/>              <h1 data-aos=\"fade-up\" data-aos-duration=\"1000\">Was <br \/><i>wir tun<\/i><\/h1>\n          <\/div>\n  <\/div>\n<\/section>\n\n\n\n<section  class=\"text-section  has-bg  \">\n  <div class=\"container\">\n              <h2 data-aos=\"fade-up\" data-aos-duration=\"1000\">Herzen und Verstand zusammenbringen<\/h2>\n              <div class=\"intro\" data-aos=\"fade-up\" data-aos-duration=\"1000\">\n        <p>Life Science Cares verkn\u00fcpft die Innovationskraft und das Engagement der Life Science Industrie mit bestehenden Aktivit\u00e4ten lokaler gemeinn\u00fctziger Organisationen, um f\u00fcr alle in der Schweiz lebenden Menschen den Zugang zu Ausbildung zu erleichtern und Arbeitspl\u00e4tze in der Life Science Industrie zu schaffen.<\/p>\n      <\/div>\n              <div class=\"content\" data-aos=\"fade-up\" data-aos-duration=\"1000\">\n        <p>Mit unseren Projekten verfolgen zwei Ziele, Sicherstellung der Grundversorgung und Schaffung von beruflichen Chancen.<br \/>\nSicherstellung des Zugangs zu Grundversorgung, Gesundheitsversorgung, Gesundheitsf\u00f6rderung und Pr\u00e4vention, um  Chancengleichheit zu schaffen.<br \/>\nF\u00f6rderung der wirtschaftlichen Nachhaltigkeit durch Aufzeigen von Karriere-M\u00f6glichkeiten in der Life Science Industrie, Unterst\u00fctzung bei der Berufsbildung und Schaffung von Job-Chancen in der Life Science Industrie, um Einzelpersonen dabei helfen, nachhaltig einen Weg aus der Armut zu finden.<\/p>\n<p>Um diese Ziele zu erreichen, bauen wir eigene Projektplattformen, welche in Ihrer Unternehmung umgesetzt werden k\u00f6nnen unter Mithilfe Ihrer engagierten Mitarbeiter. Gleichzeitig investieren wir in humanit\u00e4re Organisationen und unterst\u00fctzen ausgew\u00e4hlte Projekte finanziell und durch Freiwilligenarbeit Ihrer Mitarbeitenden.<br \/>\nKontaktieren Sie uns, um mitzumachen: info@lifesciencecares.ch<\/p>\n      <\/div>\n              <\/div>\n<\/section>\n\n\n\n<section  class=\"boxes-section  \">\n  <div class=\"container\">\n          <div class=\"boxes\">\n                  <div class=\"box blue\" data-aos=\"fade-up\" data-aos-duration=\"1000\">\n            <div class=\"content\">\n                              <h3>Nationaler Zukunftstag<\/h3>\n                                            <p>Die Labors unserer Corporate Partnern werden an diesem Tag ge\u00f6ffnet f\u00fcr interessierte Schulkinder aus sozial benachteiligten Familien und Situationen.<\/p>\n<p>Verf\u00fcgbarkeit: Ganze Schweiz<\/p>\n                          <\/div>\n                          <div class=\"btn-holder\">\n                        <a href=\"\/de\/projekt-nationaler-zukunftstag\/\" target=\"_blank\" rel=\"noreferrer noopener\" class=\"btn\">Mehr erfahren<\/a>\r\n                  <\/div>\n                      <\/div>\n                  <div class=\"box green\" data-aos=\"fade-up\" data-aos-duration=\"1000\">\n            <div class=\"content\">\n                              <h3>Weihnachtsfeier<\/h3>\n                                            <p>Niemand soll am 24. Dezember in Z\u00fcrich Weihnachten alleine verbringen m\u00fcssen. Wir engagieren und f\u00fcr L\u00f6sungen.<\/p>\n<p>Verf\u00fcgbarkeit: Stadt Z\u00fcrich<\/p>\n                          <\/div>\n                          <div class=\"btn-holder\">\n                        <a href=\"\/de\/caritas-weihnachtsfeier-zuerich\/\" target=\"_blank\" rel=\"noreferrer noopener\" class=\"btn\">Mitmachen<\/a>\r\n                  <\/div>\n                      <\/div>\n                  <div class=\"box green\" data-aos=\"fade-up\" data-aos-duration=\"1000\">\n            <div class=\"content\">\n                              <h3>Schriftverkehr <\/h3>\n                                            <p>Sie m\u00f6chten benachteiligten Menschen helfen, sich im Schriftverkehr zurecht zu finden?<\/p>\n<p>Verf\u00fcgbarkeit: Stadt Z\u00fcrich<\/p>\n                          <\/div>\n                          <div class=\"btn-holder\">\n                        <a href=\"\/de\/freiwilligeneinsatz-im-schreibdienst\/\" target=\"_blank\" rel=\"noreferrer noopener\" class=\"btn\">Mitmachen<\/a>\r\n                  <\/div>\n                      <\/div>\n                  <div class=\"box green\" data-aos=\"fade-up\" data-aos-duration=\"1000\">\n            <div class=\"content\">\n                              <h3>Schweizer Tafel<\/h3>\n                                            <p>Helfen Sie mit, \u00fcbersch\u00fcssige aber einwandfreie Lebensmittel aus dem Detailhandel einzusammeln und an Hilfswerke zu verteilen.<\/p>\n<p>Verf\u00fcgbarkeit:<br \/>\nRegion Basel: Pratteln<br \/>\nRegion Zentralschweiz: Rothenburg<br \/>\nRegion Romandie: Ecublens<br \/>\nRegion Z\u00fcrich: Dietikon<\/p>\n                          <\/div>\n                          <div class=\"btn-holder\">\n                        <a href=\"\/de\/schweizer-tafel\/\"  class=\"btn\">Mitmachen<\/a>\r\n                  <\/div>\n                      <\/div>\n              <\/div>\n      <\/div>\n<\/section>\n\n\n<p><\/p>\n","protected":false},"excerpt":{"rendered":"","protected":false},"author":1,"featured_media":0,"parent":0,"menu_order":0,"comment_status":"closed","ping_status":"closed","template":"template-full-width.php","meta":{"_acf_changed":false,"inline_featured_image":false,"footnotes":""},"class_list":["post-1282","page","type-page","status-publish","hentry"],"acf":[],"_links":{"self":[{"href":"https:\/\/alt.lifesciencecares.ch\/de\/wp-json\/wp\/v2\/pages\/1282","targetHints":{"allow":["GET"]}}],"collection":[{"href":"https:\/\/alt.lifesciencecares.ch\/de\/wp-json\/wp\/v2\/pages"}],"about":[{"href":"https:\/\/alt.lifesciencecares.ch\/de\/wp-json\/wp\/v2\/types\/page"}],"author":[{"embeddable":true,"href":"https:\/\/alt.lifesciencecares.ch\/de\/wp-json\/wp\/v2\/users\/1"}],"replies":[{"embeddable":true,"href":"https:\/\/alt.lifesciencecares.ch\/de\/wp-json\/wp\/v2\/comments?post=1282"}],"version-history":[{"count":57,"href":"https:\/\/alt.lifesciencecares.ch\/de\/wp-json\/wp\/v2\/pages\/1282\/revisions"}],"predecessor-version":[{"id":2376,"href":"https:\/\/alt.lifesciencecares.ch\/de\/wp-json\/wp\/v2\/pages\/1282\/revisions\/2376"}],"wp:attachment":[{"href":"https:\/\/alt.lifesciencecares.ch\/de\/wp-json\/wp\/v2\/media?parent=1282"}],"curies":[{"name":"wp","href":"https:\/\/api.w.org\/{rel}","templated":true}]}}