{"id":1326,"date":"2024-09-18T15:56:24","date_gmt":"2024-09-18T15:56:24","guid":{"rendered":"https:\/\/lifesciencecares.ch\/?page_id=1326"},"modified":"2025-05-02T11:28:38","modified_gmt":"2025-05-02T10:28:38","slug":"projekt-nationaler-zukunftstag","status":"publish","type":"page","link":"https:\/\/alt.lifesciencecares.ch\/de\/projekt-nationaler-zukunftstag\/","title":{"rendered":"Projekt  Zukunftstag"},"content":{"rendered":"\n\n<section  class=\"hero \">\n  <div class=\"img-holder\" data-aos=\"fade-left\" data-aos-duration=\"1000\">\n    <img loading=\"lazy\" decoding=\"async\" width=\"480\" height=\"683\" src=\"https:\/\/alt.lifesciencecares.ch\/wp-content\/uploads\/2023\/12\/group-of-kids-playing-together-2022-02-22-04-26-18-utc3-480x683.jpg\" class=\"hero-img hero-img-mob\" alt=\"\" \/>    <img loading=\"lazy\" decoding=\"async\" width=\"1273\" height=\"1000\" src=\"https:\/\/alt.lifesciencecares.ch\/wp-content\/uploads\/2023\/12\/group-of-kids-playing-together-2022-02-22-04-26-18-utc3-1273x1000.jpg\" class=\"hero-img hero-img-lg\" alt=\"\" \/>  <\/div>\n  <div class=\"container\">\n    <div class=\"content\">\n      <img loading=\"lazy\" decoding=\"async\" width=\"202\" height=\"187\" src=\"https:\/\/alt.lifesciencecares.ch\/wp-content\/uploads\/2023\/12\/LOGO.svg\" class=\"hero-logo\" alt=\"\" \/>              <h1 data-aos=\"fade-up\" data-aos-duration=\"1000\">Nationaler<br \/><i> Zukunftstag<\/i><\/h1>\n          <\/div>\n  <\/div>\n<\/section>\n\n\n\n<section  class=\"text-section  has-bg  \">\n  <div class=\"container\">\n              <h2 data-aos=\"fade-up\" data-aos-duration=\"1000\">Br\u00fccke zur Zukunft<\/h2>\n              <div class=\"intro\" data-aos=\"fade-up\" data-aos-duration=\"1000\">\n        <p>Die Eltern bei der Arbeit zu begleiten und dadurch Einblicke in die Berufswelt zu erlangen ist eine grosse Chance. Wie sieht es mit Kindern aus, deren Eltern keine Arbeit haben?<\/p>\n      <\/div>\n              <div class=\"content\" data-aos=\"fade-up\" data-aos-duration=\"1000\">\n        <p>Am Nationalen Zukunftstag erhalten die Sch\u00fclerinnen und Sch\u00fclern in der gesamten Schweiz die M\u00f6glichkeit, die Eltern bei der Arbeit zu begleiten oder an verschiedenen Spezialprojekten die Berufswelt kennenzulernen. Kinder aus sozial benachteiligen Verh\u00e4ltnissen sind vom Zukunftstag ausgeschlossen. Life Science Cares schliesst nun diese L\u00fccke und hat eine Projektplattform etabliert, welche es diesen Kindern erm\u00f6glicht, den Zukunftstag in einem unserer Partner-Unternehmen der Life Science Industrie zu verbringen. <\/p>\n<p>Kontaktieren Sie uns, um mitzumachen: info@lifesciencecares.ch<\/p>\n      <\/div>\n              <\/div>\n<\/section>\n\n\n<div class=\"wp-block-group\"><div class=\"wp-block-group__inner-container is-layout-constrained wp-block-group-is-layout-constrained\">\n\n<section  class=\"accordion-section \">\n  <div class=\"container\">\n          <h2 data-aos=\"fade-up\" data-aos-duration=\"1000\">Key Facts<\/h2>\n                  <ul class=\"accordion\" data-aos=\"fade-in\" data-aos-duration=\"1000\">\n                  <li >\n            <button class=\"opener\">\n              <strong>\n                Worum geht es?              <\/strong>\n            <\/button>\n            <div class=\"slide\">\n              <div class=\"content\">\n                                  <div class=\"col\">\n                    <p>Am Nationalen Zukunftstag erhalten Sch\u00fclerinnen und Sch\u00fcler der 5.-7. Klasse einen Tag frei, um einen Tag in die Berufswelt einzutauchen.<br \/>\nIn den meisten F\u00e4llen begleiten die Kinder ihre Eltern oder nahen Bekannten zur Arbeit und d\u00fcrfen Berufsluft schnuppern. Kinder aus sozial schw\u00e4cheren Familien bleibt diese M\u00f6glichkeit meist <\/p>\n                                      <\/div>\n                                                  <div class=\"col\">\n                    <p>verwehrt. Um dies zu \u00e4ndern, sucht Life Science Cares Schweiz Corporate Partners in der Life Science Industrie, die am Zukunftstag Pl\u00e4tze f\u00fcr Kinder aus sozial benachteiligten Familien zur Verf\u00fcgung stellen, um ihnen Einblick in diese vielf\u00e4ltige Industrie zu geben.<\/p>\n                                      <\/div>\n                                              <\/div>\n            <\/div>\n          <\/li>\n                  <li >\n            <button class=\"opener\">\n              <strong>\n                Wen sprechen wir an?              <\/strong>\n            <\/button>\n            <div class=\"slide\">\n              <div class=\"content\">\n                                  <div class=\"col\">\n                    <p>Unser Programm richtet sich an Sch\u00fclerinnen und Sch\u00fcler der<br \/>\n5. bis 7. Klasse, die aus sozial benachteiligten Familien <\/p>\n                                      <\/div>\n                                                  <div class=\"col\">\n                    <p>stammen und an bestehenden Programmen unserer NGO-Partner oder lokalen Schulen teilnehmen.<\/p>\n                                      <\/div>\n                                                                      <ul class=\"people\">\n                      <br \/>\n<b>Warning<\/b>:  Invalid argument supplied for foreach() in <b>\/home\/worukovo\/public_html\/lifesciencecares.ch\/wp-content\/themes\/lifesciencecares\/acf-blocks\/accordion\/view.php<\/b> on line <b>90<\/b><br \/>\n                    <\/ul>\n                                                                  <\/div>\n            <\/div>\n          <\/li>\n                  <li >\n            <button class=\"opener\">\n              <strong>\n                Welche Ziele verfolgen wir?              <\/strong>\n            <\/button>\n            <div class=\"slide\">\n              <div class=\"content\">\n                                  <div class=\"col\">\n                    <p>Mit unserem Programm verfolgen wir drei Ziele:<\/p>\n<p>Kindern aus sozial schw\u00e4cheren Familien Einblick in die Life Science Industrie erm\u00f6glichen<\/p>\n                                      <\/div>\n                                                  <div class=\"col\">\n                    <p>Durchmischung sozialer Schichten<\/p>\n<p>Potenzielle Talente f\u00fcr die Life Science Industrie gewinnen<\/p>\n                                      <\/div>\n                                              <\/div>\n            <\/div>\n          <\/li>\n                  <li >\n            <button class=\"opener\">\n              <strong>\n                Weshalb sollten Sie als Corporate Partner mitmachen?              <\/strong>\n            <\/button>\n            <div class=\"slide\">\n              <div class=\"content\">\n                                  <div class=\"col\">\n                    <p>Caritatives Engagement<\/p>\n<p>Ihren Mitarbeitern werden M\u00f6glichkeiten zur Verf\u00fcgung gestellt, sich<br \/>\nsozial zu engagieren (Volunteering)<\/p>\n                                      <\/div>\n                                                  <div class=\"col\">\n                    <p>Integration des Projektes in die ESG-Strategie der Unternehmung <\/p>\n<p>Visibilit\u00e4t des caritativen Engagements auf diversen digitalen Kommunikations-kan\u00e4len<\/p>\n<p>Aufbau eines Pools k\u00fcnftiger Talente<\/p>\n                                      <\/div>\n                                              <\/div>\n            <\/div>\n          <\/li>\n                  <li >\n            <button class=\"opener\">\n              <strong>\n                Was muss der Corporate Partner tun?              <\/strong>\n            <\/button>\n            <div class=\"slide\">\n              <div class=\"content\">\n                                  <div class=\"col\">\n                    <p>Ausgestaltung eines Tages-programms f\u00fcr den Zukunftstag<\/p>\n<p>Betreuung der Kinder w\u00e4hrend des gesamten Tages<\/p>\n                                      <\/div>\n                                                  <div class=\"col\">\n                    <p>Versand der Anlass-Unterlagen an die Kinder, welche von Life Science Cares Schweiz gestellt werden<\/p>\n<p>Logistische Koordination des Zukunftstages mit Unterst\u00fctzung  von Life Science Cares Schweiz<\/p>\n                                      <\/div>\n                                              <\/div>\n            <\/div>\n          <\/li>\n                  <li >\n            <button class=\"opener\">\n              <strong>\n                Zielgruppe identifizieren und ansprechen              <\/strong>\n            <\/button>\n            <div class=\"slide\">\n              <div class=\"content\">\n                                  <div class=\"col\">\n                    <p>Die Kinder werden gem\u00e4ss unserer Zielgruppe aus bestehenden Programmen von unseren NGO Partnern oder in Absprache zwischen Life Science Cares Schweiz und lokalen Schulen identifiziert und angeschrieben.<\/p>\n                                      <\/div>\n                                                  <div class=\"col\">\n                    <p>Life Science Cares Schweiz stellt Ihnen als Corporate Partner eine Liste der Kinder zur Verf\u00fcgung, welche am Zukunftstag teilnehmen m\u00f6chten.<\/p>\n                                      <\/div>\n                                              <\/div>\n            <\/div>\n          <\/li>\n                  <li >\n            <button class=\"opener\">\n              <strong>\n                Wie unterst\u00fctzt Life Science Cares Schweiz?              <\/strong>\n            <\/button>\n            <div class=\"slide\">\n              <div class=\"content\">\n                                  <div class=\"col\">\n                    <p>Wir koordinieren die Rekrutierung und Platzierung der teilnehmenden Kinder auf die zur Verf\u00fcgung gestellten Pl\u00e4tze der Corporate Partner. <\/p>\n                                      <\/div>\n                                                  <div class=\"col\">\n                    <p>Die Liste der teilnehmenden Kinder wird ein Monat vor dem Zukunftstag den Corporate Partnern zur Verf\u00fcgung gestellt.<\/p>\n                                      <\/div>\n                                              <\/div>\n            <\/div>\n          <\/li>\n                  <li >\n            <button class=\"opener\">\n              <strong>\n                Mit wem arbeiten wir zusammen?              <\/strong>\n            <\/button>\n            <div class=\"slide\">\n              <div class=\"content\">\n                                  <div class=\"col\">\n                    <p>Life Science Cares Schweiz arbeitet mit diversen caritativen non-profit Partnern zusammen, die nach festgesetzten Kriterien ausgew\u00e4hlt werden.<\/p>\n                                      <\/div>\n                                                              <\/div>\n            <\/div>\n          <\/li>\n              <\/ul>\n      <\/div>\n<\/section><\/div><\/div>\n\n\n\n\n<section  class=\"slider-section  \">\n  <div class=\"container\" data-aos=\"fade-up\" data-aos-duration=\"1000\">\n          <h2>Impressionen Zukunfstag 2024<\/h2>\n              <\/div>\n  <div class=\"container\" data-aos=\"fade-up\" data-aos-duration=\"1000\">\n          <div class=\"slider\">\n        <div class=\"swiper-wrapper\">\n                      <div class=\"swiper-slide slide\">\n                              <figure class=\"image\">\n                  <img loading=\"lazy\" decoding=\"async\" width=\"773\" height=\"516\" src=\"https:\/\/alt.lifesciencecares.ch\/wp-content\/uploads\/2025\/04\/zukunfstag_7-2-scaled.jpg\" class=\"attachment-image773x516 size-image773x516\" alt=\"\" \/>                                  <\/figure>\n                                            <div class=\"content\">\n                                                                      <\/div>\n                          <\/div>\n                      <div class=\"swiper-slide slide\">\n                              <figure class=\"image\">\n                  <img loading=\"lazy\" decoding=\"async\" width=\"773\" height=\"516\" src=\"https:\/\/alt.lifesciencecares.ch\/wp-content\/uploads\/2025\/04\/zukunfstag_5-2-scaled.jpeg\" class=\"attachment-image773x516 size-image773x516\" alt=\"\" \/>                                  <\/figure>\n                                            <div class=\"content\">\n                                                                      <\/div>\n                          <\/div>\n                      <div class=\"swiper-slide slide\">\n                              <figure class=\"image\">\n                  <img loading=\"lazy\" decoding=\"async\" width=\"773\" height=\"516\" src=\"https:\/\/alt.lifesciencecares.ch\/wp-content\/uploads\/2025\/04\/zukunftstag_2-scaled.jpg\" class=\"attachment-image773x516 size-image773x516\" alt=\"\" srcset=\"https:\/\/alt.lifesciencecares.ch\/wp-content\/uploads\/2025\/04\/zukunftstag_2-scaled.jpg 2560w, https:\/\/alt.lifesciencecares.ch\/wp-content\/uploads\/2025\/04\/zukunftstag_2-300x200.jpg 300w, https:\/\/alt.lifesciencecares.ch\/wp-content\/uploads\/2025\/04\/zukunftstag_2-768x512.jpg 768w, https:\/\/alt.lifesciencecares.ch\/wp-content\/uploads\/2025\/04\/zukunftstag_2-1024x683.jpg 1024w\" sizes=\"auto, (max-width: 773px) 100vw, 773px\" \/>                                  <\/figure>\n                                            <div class=\"content\">\n                                                                      <\/div>\n                          <\/div>\n                      <div class=\"swiper-slide slide\">\n                              <figure class=\"image\">\n                  <img loading=\"lazy\" decoding=\"async\" width=\"773\" height=\"516\" src=\"https:\/\/alt.lifesciencecares.ch\/wp-content\/uploads\/2025\/04\/zukunftstag_1-scaled.jpg\" class=\"attachment-image773x516 size-image773x516\" alt=\"\" srcset=\"https:\/\/alt.lifesciencecares.ch\/wp-content\/uploads\/2025\/04\/zukunftstag_1-scaled.jpg 2560w, https:\/\/alt.lifesciencecares.ch\/wp-content\/uploads\/2025\/04\/zukunftstag_1-300x200.jpg 300w, https:\/\/alt.lifesciencecares.ch\/wp-content\/uploads\/2025\/04\/zukunftstag_1-768x512.jpg 768w, https:\/\/alt.lifesciencecares.ch\/wp-content\/uploads\/2025\/04\/zukunftstag_1-1024x683.jpg 1024w\" sizes=\"auto, (max-width: 773px) 100vw, 773px\" \/>                                  <\/figure>\n                                            <div class=\"content\">\n                                                                      <\/div>\n                          <\/div>\n                      <div class=\"swiper-slide slide\">\n                              <figure class=\"image\">\n                  <img loading=\"lazy\" decoding=\"async\" width=\"773\" height=\"516\" src=\"https:\/\/alt.lifesciencecares.ch\/wp-content\/uploads\/2025\/04\/zukunfstag_3-2-scaled.jpg\" class=\"attachment-image773x516 size-image773x516\" alt=\"\" srcset=\"https:\/\/alt.lifesciencecares.ch\/wp-content\/uploads\/2025\/04\/zukunfstag_3-2-scaled.jpg 2560w, https:\/\/alt.lifesciencecares.ch\/wp-content\/uploads\/2025\/04\/zukunfstag_3-2-300x200.jpg 300w, https:\/\/alt.lifesciencecares.ch\/wp-content\/uploads\/2025\/04\/zukunfstag_3-2-768x512.jpg 768w, https:\/\/alt.lifesciencecares.ch\/wp-content\/uploads\/2025\/04\/zukunfstag_3-2-1024x683.jpg 1024w\" sizes=\"auto, (max-width: 773px) 100vw, 773px\" \/>                                  <\/figure>\n                                            <div class=\"content\">\n                                                                      <\/div>\n                          <\/div>\n                      <div class=\"swiper-slide slide\">\n                              <figure class=\"image\">\n                  <img loading=\"lazy\" decoding=\"async\" width=\"773\" height=\"516\" src=\"https:\/\/alt.lifesciencecares.ch\/wp-content\/uploads\/2025\/04\/zukunftstag_4-1-scaled.jpg\" class=\"attachment-image773x516 size-image773x516\" alt=\"\" srcset=\"https:\/\/alt.lifesciencecares.ch\/wp-content\/uploads\/2025\/04\/zukunftstag_4-1-scaled.jpg 2560w, https:\/\/alt.lifesciencecares.ch\/wp-content\/uploads\/2025\/04\/zukunftstag_4-1-300x200.jpg 300w, https:\/\/alt.lifesciencecares.ch\/wp-content\/uploads\/2025\/04\/zukunftstag_4-1-768x512.jpg 768w, https:\/\/alt.lifesciencecares.ch\/wp-content\/uploads\/2025\/04\/zukunftstag_4-1-1024x683.jpg 1024w\" sizes=\"auto, (max-width: 773px) 100vw, 773px\" \/>                                  <\/figure>\n                                            <div class=\"content\">\n                                                                      <\/div>\n                          <\/div>\n                      <div class=\"swiper-slide slide\">\n                              <figure class=\"image\">\n                  <img loading=\"lazy\" decoding=\"async\" width=\"773\" height=\"516\" src=\"https:\/\/alt.lifesciencecares.ch\/wp-content\/uploads\/2025\/04\/zukunftstag_6-scaled.jpg\" class=\"attachment-image773x516 size-image773x516\" alt=\"\" \/>                                  <\/figure>\n                                            <div class=\"content\">\n                                                                      <\/div>\n                          <\/div>\n                  <\/div>\n        <div class=\"swiper-pagination\"><\/div>\n        <button type=\"button\" class=\"swiper-button-prev\">prev<\/button>\n        <button type=\"button\" class=\"swiper-button-next\">next<\/button>\n      <\/div>\n      <\/div>\n<\/section>","protected":false},"excerpt":{"rendered":"","protected":false},"author":1,"featured_media":0,"parent":0,"menu_order":0,"comment_status":"closed","ping_status":"closed","template":"template-full-width.php","meta":{"_acf_changed":false,"inline_featured_image":false,"footnotes":""},"class_list":["post-1326","page","type-page","status-publish","hentry"],"acf":[],"_links":{"self":[{"href":"https:\/\/alt.lifesciencecares.ch\/de\/wp-json\/wp\/v2\/pages\/1326","targetHints":{"allow":["GET"]}}],"collection":[{"href":"https:\/\/alt.lifesciencecares.ch\/de\/wp-json\/wp\/v2\/pages"}],"about":[{"href":"https:\/\/alt.lifesciencecares.ch\/de\/wp-json\/wp\/v2\/types\/page"}],"author":[{"embeddable":true,"href":"https:\/\/alt.lifesciencecares.ch\/de\/wp-json\/wp\/v2\/users\/1"}],"replies":[{"embeddable":true,"href":"https:\/\/alt.lifesciencecares.ch\/de\/wp-json\/wp\/v2\/comments?post=1326"}],"version-history":[{"count":32,"href":"https:\/\/alt.lifesciencecares.ch\/de\/wp-json\/wp\/v2\/pages\/1326\/revisions"}],"predecessor-version":[{"id":2127,"href":"https:\/\/alt.lifesciencecares.ch\/de\/wp-json\/wp\/v2\/pages\/1326\/revisions\/2127"}],"wp:attachment":[{"href":"https:\/\/alt.lifesciencecares.ch\/de\/wp-json\/wp\/v2\/media?parent=1326"}],"curies":[{"name":"wp","href":"https:\/\/api.w.org\/{rel}","templated":true}]}}