{"id":1426,"date":"2024-09-26T11:22:30","date_gmt":"2024-09-26T11:22:30","guid":{"rendered":"https:\/\/lifesciencecares.ch\/?page_id=1426"},"modified":"2025-05-02T11:29:33","modified_gmt":"2025-05-02T10:29:33","slug":"caritas-weihnachtsfeier-zuerich","status":"publish","type":"page","link":"https:\/\/alt.lifesciencecares.ch\/de\/caritas-weihnachtsfeier-zuerich\/","title":{"rendered":"Caritas Weihnachtsfeier Z\u00fcrich"},"content":{"rendered":"\n\n<section  class=\"hero \">\n  <div class=\"img-holder\" data-aos=\"fade-left\" data-aos-duration=\"1000\">\n    <img loading=\"lazy\" decoding=\"async\" width=\"480\" height=\"683\" src=\"https:\/\/alt.lifesciencecares.ch\/wp-content\/uploads\/2024\/04\/Caritas-Weihnachten-1-480x683.jpeg\" class=\"hero-img hero-img-mob\" alt=\"\" \/>    <img loading=\"lazy\" decoding=\"async\" width=\"1273\" height=\"1000\" src=\"https:\/\/alt.lifesciencecares.ch\/wp-content\/uploads\/2024\/04\/Caritas-Weihnachten-1-1273x1000.jpeg\" class=\"hero-img hero-img-lg\" alt=\"\" \/>  <\/div>\n  <div class=\"container\">\n    <div class=\"content\">\n      <img loading=\"lazy\" decoding=\"async\" width=\"202\" height=\"187\" src=\"https:\/\/alt.lifesciencecares.ch\/wp-content\/uploads\/2023\/12\/LOGO.svg\" class=\"hero-logo\" alt=\"\" \/>              <h1 data-aos=\"fade-up\" data-aos-duration=\"1000\">Weihnachten f\u00fcr<br \/><i> Bed\u00fcrftige<\/i><\/h1>\n          <\/div>\n  <\/div>\n<\/section>\n\n\n\n<section  class=\"text-section  has-bg  \">\n  <div class=\"container\">\n              <h2 data-aos=\"fade-up\" data-aos-duration=\"1000\">Weihnachten mit Herz<\/h2>\n              <div class=\"intro\" data-aos=\"fade-up\" data-aos-duration=\"1000\">\n        <p>Life Science Cares Schweiz investiert in ausgew\u00e4hlte Projekte von caritativen Organisationen. <\/p>\n      <\/div>\n              <div class=\"content\" data-aos=\"fade-up\" data-aos-duration=\"1000\">\n        <p>Heiligabend mit Caritas Z\u00fcrich.<br \/>\nWeihnachten f\u00fcr armutsbetroffene Kinder und Familien:<br \/>\n250 \u2013 300 von Armut betroffene Einzelpersonen, oft M\u00fctter mit Kindern, sind herzlich eingeladen, zusammen Weihnachten zu feiern.<br \/>\nIm Durchschnitt sind 10% aller G\u00e4ste Kinder mit multikulturellem Hintergrund.<br \/>\nLife Science Cares unterst\u00fctzt den Partner Caritas finanziell und durch Freiwilligenarbeit der Mitarbeiter unserer Life Science Partner. <\/p>\n<p>Kontaktieren Sie uns, um mitzumachen: info@lifesciencecares.ch<\/p>\n      <\/div>\n              <\/div>\n<\/section>\n\n\n<div class=\"wp-block-group\"><div class=\"wp-block-group__inner-container is-layout-constrained wp-block-group-is-layout-constrained\">\n\n<section  class=\"accordion-section \">\n  <div class=\"container\">\n          <h2 data-aos=\"fade-up\" data-aos-duration=\"1000\">Key Facts<\/h2>\n                  <ul class=\"accordion\" data-aos=\"fade-in\" data-aos-duration=\"1000\">\n                  <li >\n            <button class=\"opener\">\n              <strong>\n                Worum geht es?              <\/strong>\n            <\/button>\n            <div class=\"slide\">\n              <div class=\"content\">\n                                  <div class=\"col\">\n                    <p>Niemand soll am 24.12.2024 in Z\u00fcrich alleine Weihnachten feiern!<\/p>\n<p>Caritas Z\u00fcrich organisiert \u00fcber 90 Jahren die Weihnachtsfeier f\u00fcr armutsbetroffene und einsame Menschen, die an Heiligabend der Einsamkeit entfliehen wollen oder die nicht genug Geld f\u00fcr ein eigenes Weihnachtsfest haben. Damit auch sie gemeinsam mit anderen vertrauten Liedern singen, fein essen oder mit jemandem plaudern k\u00f6nnen. <\/p>\n                                      <\/div>\n                                                  <div class=\"col\">\n                    <p>Ungef\u00e4hr 250 G\u00e4ste werden im Volkshaus Z\u00fcrich erwartet, darunter auch zahlreiche Kinder. M\u00f6glich wird diese Weihnachtsfeier erst durch Spenden sowie durch die tatkr\u00e4ftige Mitarbeit von \u00fcber 50 Freiwilligen.<br \/>\nDieses Jahr wird die Caritas Weihnachtsfeier durch Life Science Cares Switzerland und Corporate Partners finanziell unterst\u00fctzt. <\/p>\n                                      <\/div>\n                                              <\/div>\n            <\/div>\n          <\/li>\n                  <li >\n            <button class=\"opener\">\n              <strong>\n                Wen sprechen wir an?              <\/strong>\n            <\/button>\n            <div class=\"slide\">\n              <div class=\"content\">\n                                  <div class=\"col\">\n                    <p>Dieses Projekt richtet sich an Mitarbeitende unserer Corporate Partner Firmen, die sich am 24.12.2024 als freiwillige Helfer*innen vor oder w\u00e4hrend der Weihnachtsfeier engagieren m\u00f6chten. <\/p>\n                                      <\/div>\n                                                  <div class=\"col\">\n                    <p>Wir suchen max. 20 Helfer*innen, eingeteilt in zwei Einsatzgruppen:<br \/>\n\u2022\tGruppe 1 &#8211; Vorbereitung: 13 Uhr &#8211; 17 Uhr<\/p>\n<p>\u2022\tGruppe 2 &#8211; Durchf\u00fchrung: 18 Uhr &#8211; 21 :30 Uhr<\/p>\n                                      <\/div>\n                                              <\/div>\n            <\/div>\n          <\/li>\n                  <li >\n            <button class=\"opener\">\n              <strong>\n                Welche Ziele verfolgen wir?              <\/strong>\n            <\/button>\n            <div class=\"slide\">\n              <div class=\"content\">\n                                  <div class=\"col\">\n                    <p>Schaffen von M\u00f6glichkeiten f\u00fcr soziales Engagement (Volunteering), um armutsbetroffene Menschen in Z\u00fcrich zu unterst\u00fctzen.<\/p>\n                                      <\/div>\n                                                  <div class=\"col\">\n                    <p>Aufbau von langj\u00e4hrigen Partnerschaften mit lokalen NGO\u2019s sowie finanzielle Unterst\u00fctzung, um ausgew\u00e4hlte Projekte f\u00fcr armutsbetroffene Menschen zu erm\u00f6glichen.<\/p>\n                                      <\/div>\n                                              <\/div>\n            <\/div>\n          <\/li>\n                  <li >\n            <button class=\"opener\">\n              <strong>\n                Was muss der Corporate Partner tun?              <\/strong>\n            <\/button>\n            <div class=\"slide\">\n              <div class=\"content\">\n                                  <div class=\"col\">\n                    <p>Projekt Weihnachten Caritas intern vorstellen.<br \/>\nNamen der interessierten Mitarbeiter*innen inkl. Angabe Vorbereitung oder Durchf\u00fchrung an Life Science Cares Switzerland bis am 10. Oktober senden.   <\/p>\n                                      <\/div>\n                                                              <\/div>\n            <\/div>\n          <\/li>\n                  <li >\n            <button class=\"opener\">\n              <strong>\n                Weshalb sollten Sie als Corporate Partner mitmachen?              <\/strong>\n            <\/button>\n            <div class=\"slide\">\n              <div class=\"content\">\n                                  <div class=\"col\">\n                    <p>Caritatives Engagement<br \/>\nIhren Mitarbeitenden werden M\u00f6glichkeiten geboten, sich sozial zu engagieren (Volunteering).<\/p>\n                                      <\/div>\n                                                  <div class=\"col\">\n                    <p>Integration des Projektes in ESG-Strategie Ihrer Unternehmung<br \/>\nVisibilit\u00e4t des caritativen Engagements auf diversen digitalen Kommunikations-kan\u00e4len. <\/p>\n                                      <\/div>\n                                              <\/div>\n            <\/div>\n          <\/li>\n                  <li >\n            <button class=\"opener\">\n              <strong>\n                Mit wem arbeiten wir zusammen?              <\/strong>\n            <\/button>\n            <div class=\"slide\">\n              <div class=\"content\">\n                                  <div class=\"col\">\n                    <p>Caritas Z\u00fcrich.<\/p>\n                                      <\/div>\n                                                              <\/div>\n            <\/div>\n          <\/li>\n              <\/ul>\n      <\/div>\n<\/section><\/div><\/div>\n\n\n\n\n<section  class=\"slider-section  \">\n  <div class=\"container\" data-aos=\"fade-up\" data-aos-duration=\"1000\">\n          <h2>Impressionen<\/h2>\n              <\/div>\n  <div class=\"container\" data-aos=\"fade-up\" data-aos-duration=\"1000\">\n          <div class=\"slider\">\n        <div class=\"swiper-wrapper\">\n                      <div class=\"swiper-slide slide\">\n                              <figure class=\"image\">\n                  <img loading=\"lazy\" decoding=\"async\" width=\"773\" height=\"516\" src=\"https:\/\/alt.lifesciencecares.ch\/wp-content\/uploads\/2024\/04\/Caritas-Weihnachten-1-773x516.jpeg\" class=\"attachment-image773x516 size-image773x516\" alt=\"\" srcset=\"https:\/\/alt.lifesciencecares.ch\/wp-content\/uploads\/2024\/04\/Caritas-Weihnachten-1-773x516.jpeg 773w, https:\/\/alt.lifesciencecares.ch\/wp-content\/uploads\/2024\/04\/Caritas-Weihnachten-1-659x439.jpeg 659w\" sizes=\"auto, (max-width: 773px) 100vw, 773px\" \/>                                  <\/figure>\n                                            <div class=\"content\">\n                                                                      <\/div>\n                          <\/div>\n                  <\/div>\n        <div class=\"swiper-pagination\"><\/div>\n        <button type=\"button\" class=\"swiper-button-prev\">prev<\/button>\n        <button type=\"button\" class=\"swiper-button-next\">next<\/button>\n      <\/div>\n      <\/div>\n<\/section>","protected":false},"excerpt":{"rendered":"","protected":false},"author":1,"featured_media":0,"parent":0,"menu_order":0,"comment_status":"closed","ping_status":"closed","template":"template-full-width.php","meta":{"_acf_changed":false,"inline_featured_image":false,"footnotes":""},"class_list":["post-1426","page","type-page","status-publish","hentry"],"acf":[],"_links":{"self":[{"href":"https:\/\/alt.lifesciencecares.ch\/de\/wp-json\/wp\/v2\/pages\/1426","targetHints":{"allow":["GET"]}}],"collection":[{"href":"https:\/\/alt.lifesciencecares.ch\/de\/wp-json\/wp\/v2\/pages"}],"about":[{"href":"https:\/\/alt.lifesciencecares.ch\/de\/wp-json\/wp\/v2\/types\/page"}],"author":[{"embeddable":true,"href":"https:\/\/alt.lifesciencecares.ch\/de\/wp-json\/wp\/v2\/users\/1"}],"replies":[{"embeddable":true,"href":"https:\/\/alt.lifesciencecares.ch\/de\/wp-json\/wp\/v2\/comments?post=1426"}],"version-history":[{"count":27,"href":"https:\/\/alt.lifesciencecares.ch\/de\/wp-json\/wp\/v2\/pages\/1426\/revisions"}],"predecessor-version":[{"id":2128,"href":"https:\/\/alt.lifesciencecares.ch\/de\/wp-json\/wp\/v2\/pages\/1426\/revisions\/2128"}],"wp:attachment":[{"href":"https:\/\/alt.lifesciencecares.ch\/de\/wp-json\/wp\/v2\/media?parent=1426"}],"curies":[{"name":"wp","href":"https:\/\/api.w.org\/{rel}","templated":true}]}}