{"id":1454,"date":"2024-09-26T11:12:18","date_gmt":"2024-09-26T11:12:18","guid":{"rendered":"https:\/\/lifesciencecares.ch\/?page_id=1454"},"modified":"2025-05-02T11:30:00","modified_gmt":"2025-05-02T10:30:00","slug":"freiwilligeneinsatz-im-schreibdienst","status":"publish","type":"page","link":"https:\/\/alt.lifesciencecares.ch\/de\/freiwilligeneinsatz-im-schreibdienst\/","title":{"rendered":"Freiwilligeneinsatz im Schreibdienst"},"content":{"rendered":"\n\n<section  class=\"hero \">\n  <div class=\"img-holder\" data-aos=\"fade-left\" data-aos-duration=\"1000\">\n    <img loading=\"lazy\" decoding=\"async\" width=\"408\" height=\"408\" src=\"https:\/\/alt.lifesciencecares.ch\/wp-content\/uploads\/2024\/03\/Rectangle-417.jpg\" class=\"hero-img hero-img-mob\" alt=\"\" srcset=\"https:\/\/alt.lifesciencecares.ch\/wp-content\/uploads\/2024\/03\/Rectangle-417.jpg 408w, https:\/\/alt.lifesciencecares.ch\/wp-content\/uploads\/2024\/03\/Rectangle-417-150x150.jpg 150w, https:\/\/alt.lifesciencecares.ch\/wp-content\/uploads\/2024\/03\/Rectangle-417-300x300.jpg 300w, https:\/\/alt.lifesciencecares.ch\/wp-content\/uploads\/2024\/03\/Rectangle-417-50x50.jpg 50w, https:\/\/alt.lifesciencecares.ch\/wp-content\/uploads\/2024\/03\/Rectangle-417-204x204.jpg 204w\" sizes=\"auto, (max-width: 408px) 100vw, 408px\" \/>    <img loading=\"lazy\" decoding=\"async\" width=\"408\" height=\"408\" src=\"https:\/\/alt.lifesciencecares.ch\/wp-content\/uploads\/2024\/03\/Rectangle-417.jpg\" class=\"hero-img hero-img-lg\" alt=\"\" srcset=\"https:\/\/alt.lifesciencecares.ch\/wp-content\/uploads\/2024\/03\/Rectangle-417.jpg 408w, https:\/\/alt.lifesciencecares.ch\/wp-content\/uploads\/2024\/03\/Rectangle-417-150x150.jpg 150w, https:\/\/alt.lifesciencecares.ch\/wp-content\/uploads\/2024\/03\/Rectangle-417-300x300.jpg 300w, https:\/\/alt.lifesciencecares.ch\/wp-content\/uploads\/2024\/03\/Rectangle-417-50x50.jpg 50w, https:\/\/alt.lifesciencecares.ch\/wp-content\/uploads\/2024\/03\/Rectangle-417-204x204.jpg 204w\" sizes=\"auto, (max-width: 408px) 100vw, 408px\" \/>  <\/div>\n  <div class=\"container\">\n    <div class=\"content\">\n      <img loading=\"lazy\" decoding=\"async\" width=\"202\" height=\"187\" src=\"https:\/\/alt.lifesciencecares.ch\/wp-content\/uploads\/2023\/12\/LOGO.svg\" class=\"hero-logo\" alt=\"\" \/>              <h1 data-aos=\"fade-up\" data-aos-duration=\"1000\">Engagement<br \/><i>Schreibdienst<\/i><\/h1>\n          <\/div>\n  <\/div>\n<\/section>\n\n\n\n<section  class=\"text-section  has-bg  \">\n  <div class=\"container\">\n              <h2 data-aos=\"fade-up\" data-aos-duration=\"1000\">Ehrenamtliche Unterst\u00fctzung im Schriftverkehr<\/h2>\n              <div class=\"intro\" data-aos=\"fade-up\" data-aos-duration=\"1000\">\n        <p>Der Schreibdienst in Z\u00fcrich-City bietet Personen, die Unterst\u00fctzung im Schriftverkehr ben\u00f6tigen, praktische Hilfe bei administrativen Aufgaben, Anmeldungen und Alltagsfragen. Freiwillige helfen dabei, Briefe zu schreiben, Formulare auszuf\u00fcllen und Dokumente zu verstehen.<\/p>\n      <\/div>\n              <div class=\"content\" data-aos=\"fade-up\" data-aos-duration=\"1000\">\n        <p>Werden Sie Corporate Partner und f\u00f6rdern Sie das soziale Engagement Ihrer Mitarbeitenden. Mit flexiblen Einsatzm\u00f6glichkeiten k\u00f6nnen Ihre Mitarbeitenden nicht nur ihre F\u00e4higkeiten sinnvoll einbringen, sondern auch dazu beitragen, Menschen den Zugang zu wesentlichem Alltagswissen und -kompetenzen zu erleichtern. Unterst\u00fctzen Sie die Integration und Teilhabe benachteiligter Menschen und setzen Sie gemeinsam ein Zeichen f\u00fcr gelebte Solidarit\u00e4t.<\/p>\n<p>Kontaktieren Sie uns, um mitzumachen: info@lifesciencecares.ch<\/p>\n      <\/div>\n              <\/div>\n<\/section>\n\n\n<div class=\"wp-block-group\"><div class=\"wp-block-group__inner-container is-layout-constrained wp-block-group-is-layout-constrained\">\n\n<section  class=\"accordion-section \">\n  <div class=\"container\">\n          <h2 data-aos=\"fade-up\" data-aos-duration=\"1000\">Key Facts<\/h2>\n                  <ul class=\"accordion\" data-aos=\"fade-in\" data-aos-duration=\"1000\">\n                  <li >\n            <button class=\"opener\">\n              <strong>\n                Worum geht es?              <\/strong>\n            <\/button>\n            <div class=\"slide\">\n              <div class=\"content\">\n                                  <div class=\"col\">\n                    <p>Der Schreibdienst bietet Personen, welche Unterst\u00fctzung im Schriftverkehr ben\u00f6tigen, praktische Hilfestellung. Der Schreibdienst hilft diesen Personen bei administrativen Aufgaben, Anmeldungen und Alltagsfragen.<br \/>\nIm Schreibdienst helfen Freiwillige zu festgelegten Zeiten beim:<br \/>\nSchreiben von Bewerbungen und Lebensl\u00e4ufen.<br \/>\nLesen und Schreiben von Briefen.<\/p>\n                                      <\/div>\n                                                  <div class=\"col\">\n                    <p>Ausf\u00fcllen von Formularen<br \/>\nVerstehen von amtlichen und anderen Dokumenten.<br \/>\nSpeichern von Dokumenten auf einem USB-Stick.<\/p>\n<p>Der Schreibdienst bietet \u00a0zudem folgende \u00a0zweist\u00fcndigen Kurse an:<br \/>\nWohnungssuche im Internet.<br \/>\nBewerbungswerkstatt.<\/p>\n                                      <\/div>\n                                              <\/div>\n            <\/div>\n          <\/li>\n                  <li >\n            <button class=\"opener\">\n              <strong>\n                Weshalb sollten Sie als Corporate Partner mitmachen?              <\/strong>\n            <\/button>\n            <div class=\"slide\">\n              <div class=\"content\">\n                                  <div class=\"col\">\n                    <p>Caritatives Engagement<br \/>\nIhre Mitarbeitenden k\u00f6nnen sich sozial engagieren (Volunteering)<br \/>\nIntegration dieses Projektes in die ESG-Strategie Ihrer Unternehmung.<\/p>\n                                      <\/div>\n                                                  <div class=\"col\">\n                    <p>Visibilit\u00e4t Ihres Unternehmens auf der Life Science Cares Switzerland -Homepage.<br \/>\nM\u00f6glichkeit das Projekt auf Ihrer Firmen-Homepage zu promoten.<\/p>\n                                      <\/div>\n                                                                      <ul class=\"people\">\n                      <br \/>\n<b>Warning<\/b>:  Invalid argument supplied for foreach() in <b>\/home\/worukovo\/public_html\/lifesciencecares.ch\/wp-content\/themes\/lifesciencecares\/acf-blocks\/accordion\/view.php<\/b> on line <b>90<\/b><br \/>\n                    <\/ul>\n                                                                  <\/div>\n            <\/div>\n          <\/li>\n                  <li >\n            <button class=\"opener\">\n              <strong>\n                Warum sollten Sie\/Ihre Mitarbeitenden als Volunteer mitmachen?              <\/strong>\n            <\/button>\n            <div class=\"slide\">\n              <div class=\"content\">\n                                  <div class=\"col\">\n                    <p>Mit einem freiwilligen Engagement im Schreibdienst k\u00f6nnen sich Ihre Mitarbeitenden aktiv f\u00fcr die Gemeinschaft einsetzen.<br \/>\nSie unterst\u00fctzen bei Alltagsfragen, schriftlichen und administrativen Anliegen sowie beim Erwerben von Grundkompetenzen. Dadurch erleichtern Sie den Betroffenen den Zugang zu Alltagswissen <\/p>\n                                      <\/div>\n                                                  <div class=\"col\">\n                    <p>und -f\u00e4higkeiten und f\u00f6rdern somit deren Teilnahme am gesellschaftlichen Leben.<br \/>\nAls Volunteer werden Sie zu einem Networking Apero eingeladen und k\u00f6nnen sich mit anderen Corporate Partner austauschen.<\/p>\n                                      <\/div>\n                                              <\/div>\n            <\/div>\n          <\/li>\n                  <li >\n            <button class=\"opener\">\n              <strong>\n                Rahmenbedingungen              <\/strong>\n            <\/button>\n            <div class=\"slide\">\n              <div class=\"content\">\n                                  <div class=\"col\">\n                    <p>Die Eins\u00e4tze pro Mitarbeiter*in sind flexibel planbar.<br \/>\nMindestens drei Eins\u00e4tze von je zwei Stunden.<br \/>\nSie entscheiden, ob Sie im klassischen Schreibdienst arbeiten oder Sie bei einem Kurs, z.B. Wohnungssuche im Internet, mithelfen.<\/p>\n                                      <\/div>\n                                                  <div class=\"col\">\n                    <p>Sie tragen sich unkompliziert und Ihren M\u00f6glichkeiten entsprechend in den Einsatzplan ein.<br \/>\nAlle Freiwilligen erhalten vor Ort eine Einf\u00fchrung in ihre Aufgabe und werden w\u00e4hrend ihres Einsatzes von Mitarbeitenden des Schreibdienstes begleitet.<\/p>\n                                      <\/div>\n                                              <\/div>\n            <\/div>\n          <\/li>\n                  <li >\n            <button class=\"opener\">\n              <strong>\n                Anforderungen              <\/strong>\n            <\/button>\n            <div class=\"slide\">\n              <div class=\"content\">\n                                  <div class=\"col\">\n                    <p>Gute Deutsch- und Computerkenntnisse.<br \/>\nOffenheit, Geduld und Respekt gegen\u00fcber der vielf\u00e4ltigen Kundschaft. <\/p>\n                                      <\/div>\n                                                  <div class=\"col\">\n                    <p>Gutes Allgemeinwissen von Vorteil.<br \/>\nInterkulturelle Sensibilit\u00e4t.<\/p>\n                                      <\/div>\n                                              <\/div>\n            <\/div>\n          <\/li>\n                  <li >\n            <button class=\"opener\">\n              <strong>\n                Wie unterst\u00fctzt Life Science Cares Schweiz?              <\/strong>\n            <\/button>\n            <div class=\"slide\">\n              <div class=\"content\">\n                                  <div class=\"col\">\n                    <p>Kontaktvermittlung zwischen Corporate Partner und Schreibdienst.<br \/>\nAnsprechpartner bei Fragen.<\/p>\n                                      <\/div>\n                                                  <div class=\"col\">\n                    <p>Organisation des Networking-Apero f\u00fcr die Volunteers der Corporate Partner.<\/p>\n                                      <\/div>\n                                              <\/div>\n            <\/div>\n          <\/li>\n                  <li >\n            <button class=\"opener\">\n              <strong>\n                Mit wem arbeiten wir zusammen?              <\/strong>\n            <\/button>\n            <div class=\"slide\">\n              <div class=\"content\">\n                                  <div class=\"col\">\n                    <p>Life Science Cares Schweiz arbeitet mit diversen caritativen non-profit Partnern zusammen, die nach festgesetzten Kriterien ausgew\u00e4hlt werden.<\/p>\n                                      <\/div>\n                                                              <\/div>\n            <\/div>\n          <\/li>\n              <\/ul>\n      <\/div>\n<\/section><\/div><\/div>\n\n\n\n\n<section  class=\"slider-section  \">\n  <div class=\"container\" data-aos=\"fade-up\" data-aos-duration=\"1000\">\n            <\/div>\n  <div class=\"container\" data-aos=\"fade-up\" data-aos-duration=\"1000\">\n          <div class=\"slider\">\n        <div class=\"swiper-wrapper\">\n                      <div class=\"swiper-slide slide\">\n                                            <div class=\"content\">\n                                                                      <\/div>\n                          <\/div>\n                  <\/div>\n        <div class=\"swiper-pagination\"><\/div>\n        <button type=\"button\" class=\"swiper-button-prev\">prev<\/button>\n        <button type=\"button\" class=\"swiper-button-next\">next<\/button>\n      <\/div>\n      <\/div>\n<\/section>","protected":false},"excerpt":{"rendered":"","protected":false},"author":1,"featured_media":0,"parent":0,"menu_order":0,"comment_status":"closed","ping_status":"closed","template":"template-full-width.php","meta":{"_acf_changed":false,"inline_featured_image":false,"footnotes":""},"class_list":["post-1454","page","type-page","status-publish","hentry"],"acf":[],"_links":{"self":[{"href":"https:\/\/alt.lifesciencecares.ch\/de\/wp-json\/wp\/v2\/pages\/1454","targetHints":{"allow":["GET"]}}],"collection":[{"href":"https:\/\/alt.lifesciencecares.ch\/de\/wp-json\/wp\/v2\/pages"}],"about":[{"href":"https:\/\/alt.lifesciencecares.ch\/de\/wp-json\/wp\/v2\/types\/page"}],"author":[{"embeddable":true,"href":"https:\/\/alt.lifesciencecares.ch\/de\/wp-json\/wp\/v2\/users\/1"}],"replies":[{"embeddable":true,"href":"https:\/\/alt.lifesciencecares.ch\/de\/wp-json\/wp\/v2\/comments?post=1454"}],"version-history":[{"count":17,"href":"https:\/\/alt.lifesciencecares.ch\/de\/wp-json\/wp\/v2\/pages\/1454\/revisions"}],"predecessor-version":[{"id":2129,"href":"https:\/\/alt.lifesciencecares.ch\/de\/wp-json\/wp\/v2\/pages\/1454\/revisions\/2129"}],"wp:attachment":[{"href":"https:\/\/alt.lifesciencecares.ch\/de\/wp-json\/wp\/v2\/media?parent=1454"}],"curies":[{"name":"wp","href":"https:\/\/api.w.org\/{rel}","templated":true}]}}