{"id":1972,"date":"2025-04-14T15:28:55","date_gmt":"2025-04-14T14:28:55","guid":{"rendered":"https:\/\/lifesciencecares.ch\/?page_id=1972"},"modified":"2025-06-25T09:27:31","modified_gmt":"2025-06-25T08:27:31","slug":"schweizer-tafel","status":"publish","type":"page","link":"https:\/\/alt.lifesciencecares.ch\/de\/schweizer-tafel\/","title":{"rendered":"Schweizer Tafel"},"content":{"rendered":"\n\n<section  class=\"hero \">\n  <div class=\"img-holder\" data-aos=\"fade-left\" data-aos-duration=\"1000\">\n    <img loading=\"lazy\" decoding=\"async\" width=\"480\" height=\"683\" src=\"https:\/\/alt.lifesciencecares.ch\/wp-content\/uploads\/2025\/04\/maria-lin-kim-8RaUEd8zD-U-unsplash-480x683.jpg\" class=\"hero-img hero-img-mob\" alt=\"\" \/>    <img loading=\"lazy\" decoding=\"async\" width=\"1273\" height=\"1000\" src=\"https:\/\/alt.lifesciencecares.ch\/wp-content\/uploads\/2025\/04\/maria-lin-kim-8RaUEd8zD-U-unsplash-1273x1000.jpg\" class=\"hero-img hero-img-lg\" alt=\"\" \/>  <\/div>\n  <div class=\"container\">\n    <div class=\"content\">\n      <img loading=\"lazy\" decoding=\"async\" width=\"202\" height=\"187\" src=\"https:\/\/alt.lifesciencecares.ch\/wp-content\/uploads\/2023\/12\/LOGO.svg\" class=\"hero-logo\" alt=\"\" \/>              <h1 data-aos=\"fade-up\" data-aos-duration=\"1000\">Einsatz<i> Lebens-<br \/>mittelsammlung und -verteilung<\/i><\/h1>\n          <\/div>\n  <\/div>\n<\/section>\n\n\n<div class=\"wp-block-columns is-layout-flex wp-container-core-columns-is-layout-9d6595d7 wp-block-columns-is-layout-flex\">\n<div class=\"wp-block-column is-layout-flow wp-block-column-is-layout-flow\" style=\"flex-basis:100%\">\n\n<section  class=\"text-section text-section-image  has-bg  \">\n  <div class=\"container\">\n    <div class=\"descr\">          <h2 data-aos=\"fade-up\" data-aos-duration=\"1000\">Einsatz Lebensmittellieferung<\/h2>\n              <div class=\"intro\" data-aos=\"fade-up\" data-aos-duration=\"1000\">\n        <p>Die Schweizer Tafel hilft direkt und praktisch bed\u00fcrftigen Menschen in der Schweiz, indem sie t\u00e4glich rund 30 Tonnen \u00fcbersch\u00fcssige, einwandfreie Lebensmittel aus dem Detailhandel einsammeln und kostenlos an Gassenk\u00fcchen, Obdachlosenheime, Frauenh\u00e4user und andere Hilfswerke weitergibt.<\/p>\n      <\/div>\n              <div class=\"content\" data-aos=\"fade-up\" data-aos-duration=\"1000\">\n        <p>Werden Sie Corporate Partner und f\u00f6rdern Sie das soziale Engagement Ihrer Mitarbeitenden. Mit flexiblen Einsatzm\u00f6glichkeiten k\u00f6nnen Ihre Mitarbeitenden nicht nur ihre F\u00e4higkeiten sinnvoll einbringen, sondern auch dazu beitragen, Menschen den Zugang zu wesentlichem Alltagswissen und -kompetenzen zu erleichtern. Unterst\u00fctzen Sie die Integration und Teilhabe benachteiligter Menschen und setzen Sie gemeinsam ein Zeichen f\u00fcr gelebte Solidarit\u00e4t. Melden Sie sich f\u00fcr einen Einsatz an Sie m\u00f6chten bei einer Tour zur Sammlung und Verteilung von Lebensmitteln mitmachen? Dann melden Sie sich \u00fcber die Buttons f\u00fcr einen Einsatz in Ihrer Region an.<\/p>\n      <\/div>\n        <\/div>          <div class=\"image\" data-aos=\"fade-up\" data-aos-duration=\"1000\">\n        <img loading=\"lazy\" decoding=\"async\" width=\"542\" height=\"428\" src=\"https:\/\/alt.lifesciencecares.ch\/wp-content\/uploads\/2025\/04\/maria-lin-kim-8RaUEd8zD-U-unsplash-542x428.jpg\" class=\"attachment-image542x428 size-image542x428\" alt=\"\" \/>      <\/div>\n      <\/div>\n<\/section>\n\n\n\n<section  class=\"text-section text-section-image  has-bg  \">\n  <div class=\"container\">\n    <div class=\"descr\">          <h2 data-aos=\"fade-up\" data-aos-duration=\"1000\">Melden Sie sich f\u00fcr einen Einsatz an<\/h2>\n              <div class=\"intro\" data-aos=\"fade-up\" data-aos-duration=\"1000\">\n        <p>Sie m\u00f6chten bei einer Tour zur Sammlung und Verteilung von Lebensmitteln mitmachen? Dann melden Sie sich f\u00fcr einen Einsatz in Ihrer Region an.<\/p>\n      <\/div>\n              <div class=\"content\" data-aos=\"fade-up\" data-aos-duration=\"1000\">\n        <p>Engagieren Sie sich einen Tag lang in Ihrer Region \u2013 bei einem Einsatz zur Sammlung und Verteilung von Lebensmitteln.<\/p>\n      <\/div>\n        <\/div>          <div class=\"image\" data-aos=\"fade-up\" data-aos-duration=\"1000\">\n        <img loading=\"lazy\" decoding=\"async\" width=\"542\" height=\"428\" src=\"https:\/\/alt.lifesciencecares.ch\/wp-content\/uploads\/2025\/06\/6B3A0949-542x428.jpg\" class=\"attachment-image542x428 size-image542x428\" alt=\"\" \/>      <\/div>\n      <\/div>\n<\/section>\n\n\n<hr class=\"wp-block-separator has-text-color has-white-color has-alpha-channel-opacity has-white-background-color has-background\"\/>\n\n\n\n<div class=\"wp-block-columns is-layout-flex wp-container-core-columns-is-layout-9d6595d7 wp-block-columns-is-layout-flex\">\n<div class=\"wp-block-column is-layout-flow wp-block-column-is-layout-flow\"><\/div>\n\n\n\n<div class=\"wp-block-column is-layout-flow wp-block-column-is-layout-flow\">\n<div class=\"wp-block-buttons is-content-justification-center is-layout-flex wp-container-core-buttons-is-layout-16018d1d wp-block-buttons-is-layout-flex\">\n<div class=\"wp-block-button has-custom-width wp-block-button__width-100\"><a class=\"wp-block-button__link has-vivid-green-cyan-background-color has-background wp-element-button\" href=\"mailto:info@lifesciencecares.ch\">Einsatz vereinbaren<\/a><\/div>\n<\/div>\n<\/div>\n\n\n\n<div class=\"wp-block-column is-layout-flow wp-block-column-is-layout-flow\"><\/div>\n<\/div>\n<\/div>\n<\/div>\n\n\n\n<div class=\"wp-block-group\"><div class=\"wp-block-group__inner-container is-layout-constrained wp-block-group-is-layout-constrained\">\n\n<section  class=\"accordion-section \">\n  <div class=\"container\">\n          <h2 data-aos=\"fade-up\" data-aos-duration=\"1000\">Key Facts<\/h2>\n                  <ul class=\"accordion\" data-aos=\"fade-in\" data-aos-duration=\"1000\">\n                  <li >\n            <button class=\"opener\">\n              <strong>\n                Worum geht es?              <\/strong>\n            <\/button>\n            <div class=\"slide\">\n              <div class=\"content\">\n                                  <div class=\"col\">\n                    <p>Die Freiwilligen gehen mit einem erfahrenen Helfer oder einer erfahrenen Helferin auf Tour.<\/p>\n<p>Mit einem K\u00fchlfahrzeug werden die Lebensmittel im Detailhandel abgeholt und dann gem\u00e4ss Tourenplan an soziale Institutionen und Abgabestellen in der Region verteilt.<\/p>\n                                      <\/div>\n                                                  <div class=\"col\">\n                    <p>Pro Tag und Tour werden rund 60 bis 70 Kisten Lebensmittel transportiert.<\/p>\n                                      <\/div>\n                                              <\/div>\n            <\/div>\n          <\/li>\n                  <li >\n            <button class=\"opener\">\n              <strong>\n                Weshalb sollten Sie als Corporate Partner mitmachen?              <\/strong>\n            <\/button>\n            <div class=\"slide\">\n              <div class=\"content\">\n                                  <div class=\"col\">\n                    <p>Caritatives Engagement.<\/p>\n<p>Ihre Mitarbeitenden k\u00f6nnen sich sozial engagieren (Volunteering).<\/p>\n<p>Integration dieses Projektes in die ESG-Strategie Ihrer Unternehmung.<\/p>\n                                      <\/div>\n                                                  <div class=\"col\">\n                    <p>Visibilit\u00e4t Ihres Unternehmens auf der Life Science Cares Switzerland -Homepage.<\/p>\n<p>M\u00f6glichkeit das Projekt auf Ihrer Firmen-Homepage zu promoten.<\/p>\n                                      <\/div>\n                                                                      <ul class=\"people\">\n                      <br \/>\n<b>Warning<\/b>:  Invalid argument supplied for foreach() in <b>\/home\/worukovo\/public_html\/lifesciencecares.ch\/wp-content\/themes\/lifesciencecares\/acf-blocks\/accordion\/view.php<\/b> on line <b>90<\/b><br \/>\n                    <\/ul>\n                                                                  <\/div>\n            <\/div>\n          <\/li>\n                  <li >\n            <button class=\"opener\">\n              <strong>\n                Warum sollten Sie\/Ihre Mitarbeitenden als Volunteer mitmachen?              <\/strong>\n            <\/button>\n            <div class=\"slide\">\n              <div class=\"content\">\n                                  <div class=\"col\">\n                    <p>Mit einem freiwilligen Engagement bei der Schweizer Tafel k\u00f6nnen sich Ihre Mitarbeitenden aktiv f\u00fcr die Gemeinschaft einsetzen.  <\/p>\n<p>Die Freiwilligen k\u00f6nnen sich sinnvoll gegen Foodwaste und f\u00fcr Menschen in schwierigen Lebenssituationen einsetzen: \u201cVerteilen statt wegwerfen\u201d.<\/p>\n                                      <\/div>\n                                                  <div class=\"col\">\n                    <p>Als Volunteer werden Sie zu einem Networking-Apero eingeladen und k\u00f6nnen sich mit anderen Corporate Partner austauschen.<\/p>\n                                      <\/div>\n                                              <\/div>\n            <\/div>\n          <\/li>\n                  <li >\n            <button class=\"opener\">\n              <strong>\n                Rahmenbedingungen              <\/strong>\n            <\/button>\n            <div class=\"slide\">\n              <div class=\"content\">\n                                  <div class=\"col\">\n                    <p>Die Eins\u00e4tze pro Mitarbeiter*in sind flexibel planbar.<\/p>\n<p>Die Anmeldung sollte 4-6 Wochen vor dem Einsatz erfolgen.<\/p>\n<p>Treffpunkt ist um ca. 7.30 Uhr am Einsatzort (je nach Region).<\/p>\n                                      <\/div>\n                                                  <div class=\"col\">\n                    <p>Am Morgen findet ein kurzes Briefing statt und anschliessend geht es auch schon los.<\/p>\n<p>Eine Tour dauert 7-8 Stunden. <\/p>\n                                      <\/div>\n                                              <\/div>\n            <\/div>\n          <\/li>\n                  <li >\n            <button class=\"opener\">\n              <strong>\n                Anforderungen              <\/strong>\n            <\/button>\n            <div class=\"slide\">\n              <div class=\"content\">\n                                  <div class=\"col\">\n                    <p>Die Lebensmittel m\u00fcssen ein- und ausgeladen werden, eine gewisse Fitness ist hilfreich.<\/p>\n                                      <\/div>\n                                                              <\/div>\n            <\/div>\n          <\/li>\n                  <li >\n            <button class=\"opener\">\n              <strong>\n                Wie unterst\u00fctzt Life Science Cares Schweiz?              <\/strong>\n            <\/button>\n            <div class=\"slide\">\n              <div class=\"content\">\n                                  <div class=\"col\">\n                    <p>Kontaktvermittlung zwischen Corporate Partner und der Schweizer Tafel.<\/p>\n<p>Ansprechpartner bei Fragen.<\/p>\n                                      <\/div>\n                                                  <div class=\"col\">\n                    <p>Organisation des Networking-Apero f\u00fcr die Volunteers der Corporate Partner.<\/p>\n                                      <\/div>\n                                              <\/div>\n            <\/div>\n          <\/li>\n                  <li >\n            <button class=\"opener\">\n              <strong>\n                Mit wem arbeiten wir zusammen?              <\/strong>\n            <\/button>\n            <div class=\"slide\">\n              <div class=\"content\">\n                                  <div class=\"col\">\n                    <p>Life Science Cares Schweiz arbeitet mit diversen caritativen non-profit Partnern zusammen, die nach festgesetzten Kriterien ausgew\u00e4hlt werden.<\/p>\n                                      <\/div>\n                                                              <\/div>\n            <\/div>\n          <\/li>\n              <\/ul>\n      <\/div>\n<\/section><\/div><\/div>\n\n\n\n<div class=\"wp-block-columns is-layout-flex wp-container-core-columns-is-layout-9d6595d7 wp-block-columns-is-layout-flex\">\n<div class=\"wp-block-column is-layout-flow wp-block-column-is-layout-flow\"><\/div>\n<\/div>\n","protected":false},"excerpt":{"rendered":"","protected":false},"author":3,"featured_media":0,"parent":0,"menu_order":0,"comment_status":"closed","ping_status":"closed","template":"template-full-width.php","meta":{"_acf_changed":false,"inline_featured_image":false,"footnotes":""},"class_list":["post-1972","page","type-page","status-publish","hentry"],"acf":[],"_links":{"self":[{"href":"https:\/\/alt.lifesciencecares.ch\/de\/wp-json\/wp\/v2\/pages\/1972","targetHints":{"allow":["GET"]}}],"collection":[{"href":"https:\/\/alt.lifesciencecares.ch\/de\/wp-json\/wp\/v2\/pages"}],"about":[{"href":"https:\/\/alt.lifesciencecares.ch\/de\/wp-json\/wp\/v2\/types\/page"}],"author":[{"embeddable":true,"href":"https:\/\/alt.lifesciencecares.ch\/de\/wp-json\/wp\/v2\/users\/3"}],"replies":[{"embeddable":true,"href":"https:\/\/alt.lifesciencecares.ch\/de\/wp-json\/wp\/v2\/comments?post=1972"}],"version-history":[{"count":42,"href":"https:\/\/alt.lifesciencecares.ch\/de\/wp-json\/wp\/v2\/pages\/1972\/revisions"}],"predecessor-version":[{"id":2308,"href":"https:\/\/alt.lifesciencecares.ch\/de\/wp-json\/wp\/v2\/pages\/1972\/revisions\/2308"}],"wp:attachment":[{"href":"https:\/\/alt.lifesciencecares.ch\/de\/wp-json\/wp\/v2\/media?parent=1972"}],"curies":[{"name":"wp","href":"https:\/\/api.w.org\/{rel}","templated":true}]}}