{"id":609,"date":"2024-03-22T16:32:05","date_gmt":"2024-03-22T15:32:05","guid":{"rendered":"https:\/\/lifesciencecares.ch\/?page_id=609"},"modified":"2025-12-17T14:09:30","modified_gmt":"2025-12-17T13:09:30","slug":"machen-sie-mit","status":"publish","type":"page","link":"https:\/\/alt.lifesciencecares.ch\/de\/machen-sie-mit\/","title":{"rendered":"Machen Sie mit"},"content":{"rendered":"\n\n<section  class=\"hero \">\n  <div class=\"img-holder\" data-aos=\"fade-left\" data-aos-duration=\"1000\">\n    <img loading=\"lazy\" decoding=\"async\" width=\"480\" height=\"683\" src=\"https:\/\/alt.lifesciencecares.ch\/wp-content\/uploads\/2024\/03\/kids-learning-3d-printing-in-the-lab-2023-05-12-02-31-31-utc1-1-480x683.jpg\" class=\"hero-img hero-img-mob\" alt=\"\" \/>    <img loading=\"lazy\" decoding=\"async\" width=\"1273\" height=\"1000\" src=\"https:\/\/alt.lifesciencecares.ch\/wp-content\/uploads\/2024\/03\/kids-learning-3d-printing-in-the-lab-2023-05-12-02-31-31-utc1-1-1273x1000.jpg\" class=\"hero-img hero-img-lg\" alt=\"\" \/>  <\/div>\n  <div class=\"container\">\n    <div class=\"content\">\n      <img loading=\"lazy\" decoding=\"async\" width=\"202\" height=\"187\" src=\"https:\/\/alt.lifesciencecares.ch\/wp-content\/uploads\/2023\/12\/LOGO.svg\" class=\"hero-logo\" alt=\"\" \/>              <h1 data-aos=\"fade-up\" data-aos-duration=\"1000\">Machen <br \/><i>Sie mit<\/i><\/h1>\n          <\/div>\n  <\/div>\n<\/section>\n\n\n\n<section  class=\"text-section text-section-image  has-bg  \">\n  <div class=\"container\">\n    <div class=\"descr\">          <h2 data-aos=\"fade-up\" data-aos-duration=\"1000\">Sie m\u00f6chten eine nachhaltige soziale Ver\u00e4nderung anstossen?<\/h2>\n              <div class=\"intro\" data-aos=\"fade-up\" data-aos-duration=\"1000\">\n        <p>Life Science Cares heisst Firmen und F\u00fchrungspers\u00f6nlichkeiten haupts\u00e4chlich aus der Life Science Industrie als Mitglieder willkommen.<\/p>\n      <\/div>\n              <div class=\"content\" data-aos=\"fade-up\" data-aos-duration=\"1000\">\n        <p>Wir unterscheiden zwischen zwei Arten von Mitgliedschaften, welche einerseits auf Firmen, andererseits auf F\u00fchrungspers\u00f6nlichkeiten zugeschnitten sind. <\/p>\n      <\/div>\n        <\/div>          <div class=\"image\" data-aos=\"fade-up\" data-aos-duration=\"1000\">\n        <img loading=\"lazy\" decoding=\"async\" width=\"542\" height=\"428\" src=\"https:\/\/alt.lifesciencecares.ch\/wp-content\/uploads\/2024\/05\/Group-110.png\" class=\"attachment-image542x428 size-image542x428\" alt=\"\" srcset=\"https:\/\/alt.lifesciencecares.ch\/wp-content\/uploads\/2024\/05\/Group-110.png 1083w, https:\/\/alt.lifesciencecares.ch\/wp-content\/uploads\/2024\/05\/Group-110-300x237.png 300w, https:\/\/alt.lifesciencecares.ch\/wp-content\/uploads\/2024\/05\/Group-110-768x606.png 768w, https:\/\/alt.lifesciencecares.ch\/wp-content\/uploads\/2024\/05\/Group-110-1024x808.png 1024w\" sizes=\"auto, (max-width: 542px) 100vw, 542px\" \/>      <\/div>\n      <\/div>\n<\/section>\n\n\n\n<section  class=\"boxes-section  \">\n  <div class=\"container\">\n          <div class=\"boxes\">\n                  <div class=\"box blue\" data-aos=\"fade-up\" data-aos-duration=\"1000\">\n            <div class=\"content\">\n                              <h3>Firmenmitgliedschaft<\/h3>\n                                            <p>Die Firmenmitgliedschaft richtet sich in erster Linie an Unternehmen der Life-Science-Industrie.<\/p>\n                          <\/div>\n                          <div class=\"btn-holder\">\n                        <a href=\"\/de\/machen-sie-mit#corporate-partnership\"  class=\"btn\">Machen Sie mit<\/a>\r\n                  <\/div>\n                      <\/div>\n                  <div class=\"box blue-light\" data-aos=\"fade-up\" data-aos-duration=\"1000\">\n            <div class=\"content\">\n                              <h3>Advisors<\/h3>\n                                            <p>Advisors stehen dem Vorstand mit Ihrem Wissen und Netzwerk beratend und unterst\u00fctzend zur Seite.<\/p>\n                          <\/div>\n                          <div class=\"btn-holder\">\n                        <a href=\"#lsc-advisor\"  class=\"btn\">ERFAHRE MEHR<\/a>\r\n                  <\/div>\n                      <\/div>\n                  <div class=\"box green\" data-aos=\"fade-up\" data-aos-duration=\"1000\">\n            <div class=\"content\">\n                              <h3>Volunteer<\/h3>\n                                            <p>Sie arbeiten in einem unserer Partnerunternehmen? Unterst\u00fctzen Sie unsere Aktivit\u00e4ten durch ihre freiwillige Mitarbeit.<\/p>\n                          <\/div>\n                          <div class=\"btn-holder\">\n                        <a href=\"#volunteer\"  class=\"btn\">ERFAHRE MEHR<\/a>\r\n                  <\/div>\n                      <\/div>\n                  <div class=\"box orange\" data-aos=\"fade-up\" data-aos-duration=\"1000\">\n            <div class=\"content\">\n                              <h3>Spenden<\/h3>\n                                            <p>Wir sind dankbar um jede Spende.<\/p>\n                          <\/div>\n                          <div class=\"btn-holder\">\n                        <a href=\"#donation\"  class=\"btn\">ERFAHRE MEHR<\/a>\r\n                  <\/div>\n                      <\/div>\n              <\/div>\n      <\/div>\n<\/section>\n\n\n\n<section  class=\"accordion-section \">\n  <div class=\"container\">\n          <h2 data-aos=\"fade-up\" data-aos-duration=\"1000\">Willst du mehr erfahren?<\/h2>\n              <div class=\"content\" data-aos=\"fade-up\" data-aos-duration=\"1000\">\n        <p>Sie m\u00f6chten etwas bewegen? Kontaktieren Sie uns.<\/p>\n      <\/div>\n              <ul class=\"accordion\" data-aos=\"fade-in\" data-aos-duration=\"1000\">\n                  <li  id=\"corporate-partnership\" >\n            <button class=\"opener\">\n              <strong>\n                Firmenmitgliedschaft              <\/strong>\n            <\/button>\n            <div class=\"slide\">\n              <div class=\"content\">\n                                  <div class=\"col\">\n                    <p>Als Corporate Partner haben Sie die M\u00f6glichkeit, Kontakte zu gemeinn\u00fctzigen Partnern zu kn\u00fcpfen und zu pflegen und Ihren Mitarbeitenden das ganze Jahr \u00fcber M\u00f6glichkeiten f\u00fcr freiwilliges Engagement zu bieten &#8211; innerhalb und ausserhalb Ihres Unternehmens.<br \/>\nUnabh\u00e4ngig von der Gr\u00f6sse Ihres Unternehmens wird die kollektive Kraft von Life Science Cares Schweiz Ihr philanthropisches Engagement Gesellschaft verst\u00e4rken.<\/p>\n                                      <\/div>\n                                                  <div class=\"col\">\n                    <p>Der Jahresbeitrag f\u00fcr 2024\/25 richtet sich nach der Anzahl der Mitarbeitenden in Ihrem Unternehmen. Unternehmen k\u00f6nnen einen vollwertigen Delegierten f\u00fcr die Vereinssitzungen mit vollem Stimmrecht ernennen.<br \/>\n1-20 Mitarbeiter : CHF 1\u2019500<br \/>\n21-50 Mitarbeiter : CHF 3\u2019000<br \/>\n51-100 Mitarbeiter : CHF 6\u2019000<br \/>\n101-300 Mitarbeiter : CHF 10\u2019000<br \/>\n&gt; 301 Mitarbeiter : CHF 14\u2019000<\/p>\n                                      <\/div>\n                                              <\/div>\n            <\/div>\n          <\/li>\n                  <li  id=\"lsc-advisor\" >\n            <button class=\"opener\">\n              <strong>\n                Life Science Cares Ambassador              <\/strong>\n            <\/button>\n            <div class=\"slide\">\n              <div class=\"content\">\n                                  <div class=\"col\">\n                    <p>Die LSC Ambassadoren setzen sich in ihren Organisationen f\u00fcr unsere Bem\u00fchungen ein, nutzen ihr Netzwerk, um uns bei unserem Wachstum zu unterst\u00fctzen, und tragen dazu bei, dass unsere Aktivit\u00e4ten und Programme \u00fcber die notwendigen Ressourcen verf\u00fcgen, um ihre Wirkung zu entfalten. Insbesondere stellen sie die Ressourcen bereit, die f\u00fcr den Aufbau und den Betrieb der LSCS-Infrastruktur erforderlich sind.<\/p>\n                                      <\/div>\n                                                  <div class=\"col\">\n                    <p>Die Ambassadoren sind eingeladen, unsere Strategie zu diskutieren, Projekte einzubringen und an Veranstaltungen teilzunehmen, die ausschliesslich f\u00fcr Berater organisiert werden.<br \/>\nDer Jahresbeitrag f\u00fcr 2024\/25 betr\u00e4gt mindestens CHF 1&#8217;500.<\/p>\n                            <a href=\"mailto:info@lifesciencecares.ch\"  class=\"btn\">KONTAKTIEREN SIE UNS<\/a>\r\n                      <\/div>\n                                              <\/div>\n            <\/div>\n          <\/li>\n                  <li  id=\"volunteer\" >\n            <button class=\"opener\">\n              <strong>\n                Volunteer              <\/strong>\n            <\/button>\n            <div class=\"slide\">\n              <div class=\"content\">\n                                  <div class=\"col\">\n                    <p>Die Mitarbeiter unser Firmenpartner erhalten die M\u00f6glichkeit, ihr freiwilligise Engagment in unserern Projekten einzubringen. Hier erfahren Sie, bei welchen Projekten Sie unterst\u00fctzen k\u00f6nnen.<\/p>\n                                      <\/div>\n                                                  <div class=\"col\">\n                                                <a href=\"mailto:info@lifesciencecares.ch\"  class=\"btn\">KONTAKTIEREN SIE UNS<\/a>\r\n                      <\/div>\n                                              <\/div>\n            <\/div>\n          <\/li>\n                  <li  id=\"donation\" >\n            <button class=\"opener\">\n              <strong>\n                Spenden              <\/strong>\n            <\/button>\n            <div class=\"slide\">\n              <div class=\"content\">\n                                  <div class=\"col\">\n                    <p>Wir sind dankbar um jegliche Zuwendungen und Spenden.<\/p>\n<p>Gerne kommunizieren wir Ihre Spende, ausser Sie m\u00f6chten anonym bleiben.<\/p>\n                                      <\/div>\n                                                  <div class=\"col\">\n                    <p>Twint<br \/>\nhttps:\/\/donate.raisenow.io\/jthzp<\/p>\n<p>Bank Transfer<br \/>\nLife Science Cares Switzerland<br \/>\nc\/o Centerview GmbH<br \/>\nScheuchzerstrasse 35<br \/>\n8006 Z\u00fcrich<\/p>\n<p>Postfinance<br \/>\nIBAN: CH25 0900 0000 1649 7671 4<\/p>\n                                      <\/div>\n                                              <\/div>\n            <\/div>\n          <\/li>\n              <\/ul>\n      <\/div>\n<\/section>","protected":false},"excerpt":{"rendered":"","protected":false},"author":1,"featured_media":0,"parent":0,"menu_order":0,"comment_status":"closed","ping_status":"closed","template":"template-full-width.php","meta":{"_acf_changed":false,"inline_featured_image":false,"footnotes":""},"class_list":["post-609","page","type-page","status-publish","hentry"],"acf":[],"_links":{"self":[{"href":"https:\/\/alt.lifesciencecares.ch\/de\/wp-json\/wp\/v2\/pages\/609","targetHints":{"allow":["GET"]}}],"collection":[{"href":"https:\/\/alt.lifesciencecares.ch\/de\/wp-json\/wp\/v2\/pages"}],"about":[{"href":"https:\/\/alt.lifesciencecares.ch\/de\/wp-json\/wp\/v2\/types\/page"}],"author":[{"embeddable":true,"href":"https:\/\/alt.lifesciencecares.ch\/de\/wp-json\/wp\/v2\/users\/1"}],"replies":[{"embeddable":true,"href":"https:\/\/alt.lifesciencecares.ch\/de\/wp-json\/wp\/v2\/comments?post=609"}],"version-history":[{"count":35,"href":"https:\/\/alt.lifesciencecares.ch\/de\/wp-json\/wp\/v2\/pages\/609\/revisions"}],"predecessor-version":[{"id":2377,"href":"https:\/\/alt.lifesciencecares.ch\/de\/wp-json\/wp\/v2\/pages\/609\/revisions\/2377"}],"wp:attachment":[{"href":"https:\/\/alt.lifesciencecares.ch\/de\/wp-json\/wp\/v2\/media?parent=609"}],"curies":[{"name":"wp","href":"https:\/\/api.w.org\/{rel}","templated":true}]}}